{"id":770,"date":"2021-09-24T16:13:53","date_gmt":"2021-09-24T21:13:53","guid":{"rendered":"https:\/\/naroadjointevirtuelle.com\/?page_id=770"},"modified":"2022-04-18T16:23:42","modified_gmt":"2022-04-18T21:23:42","slug":"adjointe-virtuelle","status":"publish","type":"page","link":"https:\/\/naroadjointevirtuelle.com\/","title":{"rendered":"Accueil"},"content":{"rendered":"\n<p><mark style=\"background-color:rgba(0, 0, 0, 0)\" class=\"has-inline-color has-accent-color\"><strong>Le temps, c\u2019est de l\u2019argent\u2009!<\/strong><\/mark><\/p>\n\n\n\n<p class=\"has-text-align-justify\">En tant qu\u2019adjointe virtuelle, c\u2019est ce que je vous offre en <strong>effectuant les t\u00e2ches qui prennent trop de votre temps<\/strong>. Je facilite votre vie en prenant en charge le travail d\u2019une adjointe administrative ou d\u2019une technicienne comptable pour vous lib\u00e9rer.<\/p>\n\n\n\n<p class=\"has-text-align-justify\"><strong>J\u2019accomplis tous vos travaux <\/strong>en soutien administratif, comptabilit\u00e9, soutien aux ressources humaines et toute autre demande r\u00e9alis\u00e9e dans une entreprise.<\/p>\n\n\n\n<p class=\"has-text-align-justify\">Le <strong>travail est effectu\u00e9 \u00e0 distance<\/strong> sans distraction, sans les demandes d\u2019un milieu de travail donc, plus productive. <strong>Pas de charges sociales<\/strong>, CNESST<strong>, f\u00e9ri\u00e9s ni de vacances \u00e0 payer.<\/strong><\/p>\n\n\n\n<p class=\"has-text-align-justify\">Les services de Naro Adjointe Virtuelle sont offerts <strong>\u00e0 la carte<\/strong>, <strong>par bloc d&rsquo;heures<\/strong> ou <strong>sur une base r\u00e9guli\u00e8re<\/strong>. En somme, plus de raison de ne pas utiliser mes services.<\/p>\n\n\n\n<p class=\"has-text-align-justify\">Les t\u00e2ches sont <strong>adapt\u00e9e<\/strong>s \u00e0 vos <strong>besoins<\/strong> en suivant <strong>vos proc\u00e9dures<\/strong> et vos<strong> formats<\/strong> de<strong> documents. <\/strong>Ou, le cas \u00e9ch\u00e9ant, en vous<strong> cr\u00e9ant de nouveaux mod\u00e8les <\/strong>\u00e0 partir de vos requ\u00eates.<\/p>\n\n\n\n<p class=\"has-text-align-justify\">Pas besoin de vous procurer du mat\u00e9riel de bureau ou des logiciels informatiques. Pas non plus besoin d\u2019espace suppl\u00e9mentaire ou de mobilier. Ainsi, v<strong>ous r\u00e9duirez vos co\u00fbts<\/strong> tout en conservant un travail de qualit\u00e9 selon vos exigences.<\/p>\n\n\n\n<p class=\"has-text-align-justify\">Toutes vos donn\u00e9es seront <strong>trait\u00e9es<\/strong> de mani\u00e8re confidentielle<strong>. <\/strong>Une entente de confidentialit\u00e9 et de non-divulgation sera sign\u00e9e entre les deux parties.<\/p>\n\n\n\n<p class=\"has-text-align-justify\" id=\"AdjointeVirtuelle\">Lors de votre demande<strong>, en premier lieu, une rencontre (virtuelle ou t\u00e9l\u00e9phonique) est pr\u00e9vue<\/strong> pour s\u2019assurer que les projets et les d\u00e9lais de livraison sont bien compris. Finalement, je vous soumettrai <strong>un bref plan de travail<\/strong> pour confirmer que le tout est <strong>selon votre vision et vos attentes<\/strong>.<\/p>\n\n\n\n<p class=\"has-text-align-justify\"><em><strong><em><strong>La liste des services d\u00e9crits<\/strong> <mark style=\"background-color:rgba(0, 0, 0, 0)\" class=\"has-inline-color has-black-color\">dans les prochains onglets<\/mark> n\u2019est<\/em><strong><em> pas exhaustive. Si vous avez besoin d\u2019un service en particulier, vous n\u2019avez qu\u2019\u00e0 demander.<\/em><\/strong><\/strong><\/em><\/p>\n\n\n\n<p class=\"has-text-align-center\"><strong><span class=\"has-inline-color has-accent-color\">Ma passion et mon expertise \u00e0 votre service.<\/span><\/strong><\/p>\n","protected":false},"excerpt":{"rendered":"<p>Le temps, c\u2019est de l\u2019argent\u2009! En tant qu\u2019adjointe virtuelle, c\u2019est ce que je vous offre en effectuant les t\u00e2ches qui prennent trop de votre temps. Je facilite votre vie en prenant en charge le travail d\u2019une adjointe administrative ou d\u2019une technicienne comptable pour vous lib\u00e9rer. J\u2019accomplis tous vos travaux en soutien administratif, comptabilit\u00e9, soutien aux [&hellip;]<\/p>\n","protected":false},"author":1,"featured_media":0,"parent":0,"menu_order":0,"comment_status":"closed","ping_status":"closed","template":"","meta":{"_editorskit_title_hidden":false,"_editorskit_reading_time":1,"_editorskit_is_block_options_detached":false,"_editorskit_block_options_position":"{}","gt_page_layout":"","gt_hide_page_title":false,"gt_remove_bottom_margin":false,"footnotes":""},"class_list":["post-770","page","type-page","status-publish","hentry"],"yoast_head":"<!-- This site is optimized with the Yoast SEO plugin v27.4 - https:\/\/yoast.com\/product\/yoast-seo-wordpress\/ -->\n<title>Accueil -<\/title>\n<meta name=\"description\" content=\"Le temps, c\u2019est de l\u2019argent\u2009! En tant qu\u2019adjointe virtuelle, c\u2019est ce que je vous offre en effectuant les t\u00e2ches qui prennent trop de votre temps. Je facilite votre vie en prenant en charge le travail d\u2019une adjointe administrative ou d\u2019une technicienne comptable pour vous lib\u00e9rer.\" \/>\n<meta name=\"robots\" content=\"index, nofollow, max-snippet:-1, max-image-preview:large, max-video-preview:-1\" \/>\n<link rel=\"canonical\" href=\"https:\/\/naroadjointevirtuelle.com\/\" \/>\n<meta property=\"og:locale\" content=\"fr_FR\" \/>\n<meta property=\"og:type\" content=\"article\" \/>\n<meta property=\"og:title\" content=\"Accueil -\" \/>\n<meta property=\"og:description\" content=\"Le temps, c\u2019est de l\u2019argent\u2009! En tant qu\u2019adjointe virtuelle, c\u2019est ce que je vous offre en effectuant les t\u00e2ches qui prennent trop de votre temps. Je facilite votre vie en prenant en charge le travail d\u2019une adjointe administrative ou d\u2019une technicienne comptable pour vous lib\u00e9rer.\" \/>\n<meta property=\"og:url\" content=\"https:\/\/naroadjointevirtuelle.com\/\" \/>\n<meta property=\"article:modified_time\" content=\"2022-04-18T21:23:42+00:00\" \/>\n<meta name=\"twitter:card\" content=\"summary_large_image\" \/>\n<meta name=\"twitter:label1\" content=\"Dur\u00e9e de lecture estim\u00e9e\" \/>\n\t<meta name=\"twitter:data1\" content=\"2 minutes\" \/>\n<script type=\"application\/ld+json\" class=\"yoast-schema-graph\">{\"@context\":\"https:\\\/\\\/schema.org\",\"@graph\":[{\"@type\":\"WebPage\",\"@id\":\"https:\\\/\\\/naroadjointevirtuelle.com\\\/\",\"url\":\"https:\\\/\\\/naroadjointevirtuelle.com\\\/\",\"name\":\"Accueil -\",\"isPartOf\":{\"@id\":\"https:\\\/\\\/naroadjointevirtuelle.com\\\/#website\"},\"datePublished\":\"2021-09-24T21:13:53+00:00\",\"dateModified\":\"2022-04-18T21:23:42+00:00\",\"description\":\"Le temps, c\u2019est de l\u2019argent\u2009! En tant qu\u2019adjointe virtuelle, c\u2019est ce que je vous offre en effectuant les t\u00e2ches qui prennent trop de votre temps. Je facilite votre vie en prenant en charge le travail d\u2019une adjointe administrative ou d\u2019une technicienne comptable pour vous lib\u00e9rer.\",\"breadcrumb\":{\"@id\":\"https:\\\/\\\/naroadjointevirtuelle.com\\\/#breadcrumb\"},\"inLanguage\":\"fr-FR\",\"potentialAction\":[{\"@type\":\"ReadAction\",\"target\":[\"https:\\\/\\\/naroadjointevirtuelle.com\\\/\"]}]},{\"@type\":\"BreadcrumbList\",\"@id\":\"https:\\\/\\\/naroadjointevirtuelle.com\\\/#breadcrumb\",\"itemListElement\":[{\"@type\":\"ListItem\",\"position\":1,\"name\":\"Accueil\",\"item\":\"https:\\\/\\\/naroadjointevirtuelle.com\\\/\"},{\"@type\":\"ListItem\",\"position\":2,\"name\":\"Accueil\"}]},{\"@type\":\"WebSite\",\"@id\":\"https:\\\/\\\/naroadjointevirtuelle.com\\\/#website\",\"url\":\"https:\\\/\\\/naroadjointevirtuelle.com\\\/\",\"name\":\"\",\"description\":\"\",\"publisher\":{\"@id\":\"https:\\\/\\\/naroadjointevirtuelle.com\\\/#organization\"},\"potentialAction\":[{\"@type\":\"SearchAction\",\"target\":{\"@type\":\"EntryPoint\",\"urlTemplate\":\"https:\\\/\\\/naroadjointevirtuelle.com\\\/?s={search_term_string}\"},\"query-input\":{\"@type\":\"PropertyValueSpecification\",\"valueRequired\":true,\"valueName\":\"search_term_string\"}}],\"inLanguage\":\"fr-FR\"},{\"@type\":\"Organization\",\"@id\":\"https:\\\/\\\/naroadjointevirtuelle.com\\\/#organization\",\"name\":\"Naro Adjointe Virtuelle\",\"url\":\"https:\\\/\\\/naroadjointevirtuelle.com\\\/\",\"logo\":{\"@type\":\"ImageObject\",\"inLanguage\":\"fr-FR\",\"@id\":\"https:\\\/\\\/naroadjointevirtuelle.com\\\/#\\\/schema\\\/logo\\\/image\\\/\",\"url\":\"https:\\\/\\\/naroadjointevirtuelle.com\\\/wp-content\\\/uploads\\\/2022\\\/04\\\/Logo_NARO-modifie-1-e1650312010949.png\",\"contentUrl\":\"https:\\\/\\\/naroadjointevirtuelle.com\\\/wp-content\\\/uploads\\\/2022\\\/04\\\/Logo_NARO-modifie-1-e1650312010949.png\",\"width\":218,\"height\":75,\"caption\":\"Naro Adjointe Virtuelle\"},\"image\":{\"@id\":\"https:\\\/\\\/naroadjointevirtuelle.com\\\/#\\\/schema\\\/logo\\\/image\\\/\"}}]}<\/script>\n<!-- \/ Yoast SEO plugin. -->","yoast_head_json":{"title":"Accueil -","description":"Le temps, c\u2019est de l\u2019argent\u2009! En tant qu\u2019adjointe virtuelle, c\u2019est ce que je vous offre en effectuant les t\u00e2ches qui prennent trop de votre temps. Je facilite votre vie en prenant en charge le travail d\u2019une adjointe administrative ou d\u2019une technicienne comptable pour vous lib\u00e9rer.","robots":{"index":"index","follow":"nofollow","max-snippet":"max-snippet:-1","max-image-preview":"max-image-preview:large","max-video-preview":"max-video-preview:-1"},"canonical":"https:\/\/naroadjointevirtuelle.com\/","og_locale":"fr_FR","og_type":"article","og_title":"Accueil -","og_description":"Le temps, c\u2019est de l\u2019argent\u2009! En tant qu\u2019adjointe virtuelle, c\u2019est ce que je vous offre en effectuant les t\u00e2ches qui prennent trop de votre temps. Je facilite votre vie en prenant en charge le travail d\u2019une adjointe administrative ou d\u2019une technicienne comptable pour vous lib\u00e9rer.","og_url":"https:\/\/naroadjointevirtuelle.com\/","article_modified_time":"2022-04-18T21:23:42+00:00","twitter_card":"summary_large_image","twitter_misc":{"Dur\u00e9e de lecture estim\u00e9e":"2 minutes"},"schema":{"@context":"https:\/\/schema.org","@graph":[{"@type":"WebPage","@id":"https:\/\/naroadjointevirtuelle.com\/","url":"https:\/\/naroadjointevirtuelle.com\/","name":"Accueil -","isPartOf":{"@id":"https:\/\/naroadjointevirtuelle.com\/#website"},"datePublished":"2021-09-24T21:13:53+00:00","dateModified":"2022-04-18T21:23:42+00:00","description":"Le temps, c\u2019est de l\u2019argent\u2009! En tant qu\u2019adjointe virtuelle, c\u2019est ce que je vous offre en effectuant les t\u00e2ches qui prennent trop de votre temps. Je facilite votre vie en prenant en charge le travail d\u2019une adjointe administrative ou d\u2019une technicienne comptable pour vous lib\u00e9rer.","breadcrumb":{"@id":"https:\/\/naroadjointevirtuelle.com\/#breadcrumb"},"inLanguage":"fr-FR","potentialAction":[{"@type":"ReadAction","target":["https:\/\/naroadjointevirtuelle.com\/"]}]},{"@type":"BreadcrumbList","@id":"https:\/\/naroadjointevirtuelle.com\/#breadcrumb","itemListElement":[{"@type":"ListItem","position":1,"name":"Accueil","item":"https:\/\/naroadjointevirtuelle.com\/"},{"@type":"ListItem","position":2,"name":"Accueil"}]},{"@type":"WebSite","@id":"https:\/\/naroadjointevirtuelle.com\/#website","url":"https:\/\/naroadjointevirtuelle.com\/","name":"","description":"","publisher":{"@id":"https:\/\/naroadjointevirtuelle.com\/#organization"},"potentialAction":[{"@type":"SearchAction","target":{"@type":"EntryPoint","urlTemplate":"https:\/\/naroadjointevirtuelle.com\/?s={search_term_string}"},"query-input":{"@type":"PropertyValueSpecification","valueRequired":true,"valueName":"search_term_string"}}],"inLanguage":"fr-FR"},{"@type":"Organization","@id":"https:\/\/naroadjointevirtuelle.com\/#organization","name":"Naro Adjointe Virtuelle","url":"https:\/\/naroadjointevirtuelle.com\/","logo":{"@type":"ImageObject","inLanguage":"fr-FR","@id":"https:\/\/naroadjointevirtuelle.com\/#\/schema\/logo\/image\/","url":"https:\/\/naroadjointevirtuelle.com\/wp-content\/uploads\/2022\/04\/Logo_NARO-modifie-1-e1650312010949.png","contentUrl":"https:\/\/naroadjointevirtuelle.com\/wp-content\/uploads\/2022\/04\/Logo_NARO-modifie-1-e1650312010949.png","width":218,"height":75,"caption":"Naro Adjointe Virtuelle"},"image":{"@id":"https:\/\/naroadjointevirtuelle.com\/#\/schema\/logo\/image\/"}}]}},"_links":{"self":[{"href":"https:\/\/naroadjointevirtuelle.com\/index.php?rest_route=\/wp\/v2\/pages\/770","targetHints":{"allow":["GET"]}}],"collection":[{"href":"https:\/\/naroadjointevirtuelle.com\/index.php?rest_route=\/wp\/v2\/pages"}],"about":[{"href":"https:\/\/naroadjointevirtuelle.com\/index.php?rest_route=\/wp\/v2\/types\/page"}],"author":[{"embeddable":true,"href":"https:\/\/naroadjointevirtuelle.com\/index.php?rest_route=\/wp\/v2\/users\/1"}],"replies":[{"embeddable":true,"href":"https:\/\/naroadjointevirtuelle.com\/index.php?rest_route=%2Fwp%2Fv2%2Fcomments&post=770"}],"version-history":[{"count":10,"href":"https:\/\/naroadjointevirtuelle.com\/index.php?rest_route=\/wp\/v2\/pages\/770\/revisions"}],"predecessor-version":[{"id":860,"href":"https:\/\/naroadjointevirtuelle.com\/index.php?rest_route=\/wp\/v2\/pages\/770\/revisions\/860"}],"wp:attachment":[{"href":"https:\/\/naroadjointevirtuelle.com\/index.php?rest_route=%2Fwp%2Fv2%2Fmedia&parent=770"}],"curies":[{"name":"wp","href":"https:\/\/api.w.org\/{rel}","templated":true}]}}