{"id":464,"date":"2021-08-13T18:52:10","date_gmt":"2021-08-13T23:52:10","guid":{"rendered":"https:\/\/adjointevirtuellenr.com\/?page_id=464"},"modified":"2022-02-04T22:21:57","modified_gmt":"2022-02-05T03:21:57","slug":"tenue-de-livre","status":"publish","type":"page","link":"https:\/\/naroadjointevirtuelle.com\/?page_id=464","title":{"rendered":"Comptabilit\u00e9"},"content":{"rendered":"\n<p class=\"has-text-align-justify\">Tenue de livres compl\u00e8te jusqu\u2019\u00e0 la fermeture de l\u2019ann\u00e9e (ann\u00e9e fiscale et fin d\u2019ann\u00e9e des paies) Pr\u00e9paration de tous les documents demand\u00e9s pour une v\u00e9rification externe compl\u00e8te<\/p>\n\n\n\n<ul class=\"is-style-default wp-block-list\"><li>Inscriptions comptables des op\u00e9rations courantes, \u00e9critures des journaux, etc.<\/li><li>Entr\u00e9e de donn\u00e9es dans le syst\u00e8me comptable<\/li><li>Comptes clients de la facturation \u00e0 l\u2019envoi au client et de l\u2019encaissement<\/li><li>Comptes fournisseurs(entr\u00e9e des factures avec les bonnes d\u00e9penses plus les paiements<\/li><li>Balancement mensuel des journaux<\/li><li>Suivis des factures (clients et fournisseurs), recouvrement<\/li><li>Gestion des encaissements et des paiements<\/li><li>Compte de d\u00e9penses\u2009; v\u00e9rification des factures aff\u00e9rentes<\/li><li>Processus complet de la paie&nbsp;: le traitement, la v\u00e9rification et le balancement des feuilles de temps, assurance collective et REER<\/li><li>Pr\u00e9parer les rapports de Taxes TPS-TVQ, paiement de celles-ci <\/li><li>Pr\u00e9parer et payer les DAS<\/li><li>Production de rapports et formulaires (assurance-emploi, T4\/Relev\u00e9 1. Fin d\u2019ann\u00e9e des paies compl\u00e8te sur Acomba)<\/li><li>Conciliation mensuelle des comptes au grand livre<\/li><li>Rapports financiers (\u00c9tats des r\u00e9sultats, bilan, etc.)<\/li><li>Conciliation bancaire<\/li><li>Remplir les demandes de financement pour diff\u00e9rents projets<\/li><li>Cr\u00e9ation de feuilles de calcul Excel pour les projets, budget, etc. (Niveau avanc\u00e9)<\/li><li>Assurances collectives<ul><li>Traitement des nouvelles adh\u00e9sions, des d\u00e9parts<\/li><li>Calcul et entr\u00e9e des cotisations dans les fiches d\u2019employ\u00e9 (syst\u00e8me comptable)<\/li><li>Feuilles de calculs des primes, rapports, etc.<\/li><li>Ouverture des dossiers<\/li><\/ul><\/li><\/ul>\n\n\n\n<p class=\"has-text-align-justify\">Je poss\u00e8de une parfaite maitrise<strong> d&rsquo;Acomba<\/strong>. Je travaille depuis 11 ans avec ce logiciel. Je suis form\u00e9e pour la gestion par projet, (11 projets diff\u00e9rents) et je transmets des rapports personnalis\u00e9s \u00e0 l&rsquo;aide du GEF, etc.).<\/p>\n","protected":false},"excerpt":{"rendered":"<p>Tenue de livres compl\u00e8te jusqu\u2019\u00e0 la fermeture de l\u2019ann\u00e9e (ann\u00e9e fiscale et fin d\u2019ann\u00e9e des paies) Pr\u00e9paration de tous les documents demand\u00e9s pour une v\u00e9rification externe compl\u00e8te Inscriptions comptables des op\u00e9rations courantes, \u00e9critures des journaux, etc. Entr\u00e9e de donn\u00e9es dans le syst\u00e8me comptable Comptes clients de la facturation \u00e0 l\u2019envoi au client et de l\u2019encaissement [&hellip;]<\/p>\n","protected":false},"author":1,"featured_media":0,"parent":0,"menu_order":0,"comment_status":"closed","ping_status":"closed","template":"","meta":{"_editorskit_title_hidden":false,"_editorskit_reading_time":1,"_editorskit_is_block_options_detached":false,"_editorskit_block_options_position":"{}","gt_page_layout":"","gt_hide_page_title":false,"gt_remove_bottom_margin":false,"footnotes":""},"class_list":["post-464","page","type-page","status-publish","hentry"],"yoast_head":"<!-- This site is optimized with the Yoast SEO plugin v27.4 - https:\/\/yoast.com\/product\/yoast-seo-wordpress\/ -->\n<title>Comptabilit\u00e9 -<\/title>\n<meta name=\"description\" content=\"Le temps, c\u2019est de l\u2019argent\u2009! En tant qu\u2019adjointe virtuelle, c\u2019est ce que je vous offre en effectuant les t\u00e2ches qui prennent trop de votre temps. Je facilite votre vie en prenant en charge le travail d\u2019une adjointe administrative ou d\u2019une technicienne comptable pour vous lib\u00e9rer.\" \/>\n<meta name=\"robots\" content=\"index, follow, max-snippet:-1, max-image-preview:large, max-video-preview:-1\" \/>\n<link rel=\"canonical\" href=\"https:\/\/naroadjointevirtuelle.com\/?page_id=464\" \/>\n<meta property=\"og:locale\" content=\"fr_FR\" \/>\n<meta property=\"og:type\" content=\"article\" \/>\n<meta property=\"og:title\" content=\"Comptabilit\u00e9 -\" \/>\n<meta property=\"og:description\" content=\"Le temps, c\u2019est de l\u2019argent\u2009! En tant qu\u2019adjointe virtuelle, c\u2019est ce que je vous offre en effectuant les t\u00e2ches qui prennent trop de votre temps. Je facilite votre vie en prenant en charge le travail d\u2019une adjointe administrative ou d\u2019une technicienne comptable pour vous lib\u00e9rer.\" \/>\n<meta property=\"og:url\" content=\"https:\/\/naroadjointevirtuelle.com\/?page_id=464\" \/>\n<meta property=\"article:modified_time\" content=\"2022-02-05T03:21:57+00:00\" \/>\n<meta name=\"twitter:card\" content=\"summary_large_image\" \/>\n<meta name=\"twitter:label1\" content=\"Dur\u00e9e de lecture estim\u00e9e\" \/>\n\t<meta name=\"twitter:data1\" content=\"2 minutes\" \/>\n<script type=\"application\/ld+json\" class=\"yoast-schema-graph\">{\"@context\":\"https:\\\/\\\/schema.org\",\"@graph\":[{\"@type\":\"WebPage\",\"@id\":\"https:\\\/\\\/naroadjointevirtuelle.com\\\/?page_id=464\",\"url\":\"https:\\\/\\\/naroadjointevirtuelle.com\\\/?page_id=464\",\"name\":\"Comptabilit\u00e9 -\",\"isPartOf\":{\"@id\":\"https:\\\/\\\/naroadjointevirtuelle.com\\\/#website\"},\"datePublished\":\"2021-08-13T23:52:10+00:00\",\"dateModified\":\"2022-02-05T03:21:57+00:00\",\"description\":\"Le temps, c\u2019est de l\u2019argent\u2009! En tant qu\u2019adjointe virtuelle, c\u2019est ce que je vous offre en effectuant les t\u00e2ches qui prennent trop de votre temps. Je facilite votre vie en prenant en charge le travail d\u2019une adjointe administrative ou d\u2019une technicienne comptable pour vous lib\u00e9rer.\",\"breadcrumb\":{\"@id\":\"https:\\\/\\\/naroadjointevirtuelle.com\\\/?page_id=464#breadcrumb\"},\"inLanguage\":\"fr-FR\",\"potentialAction\":[{\"@type\":\"ReadAction\",\"target\":[\"https:\\\/\\\/naroadjointevirtuelle.com\\\/?page_id=464\"]}]},{\"@type\":\"BreadcrumbList\",\"@id\":\"https:\\\/\\\/naroadjointevirtuelle.com\\\/?page_id=464#breadcrumb\",\"itemListElement\":[{\"@type\":\"ListItem\",\"position\":1,\"name\":\"Accueil\",\"item\":\"https:\\\/\\\/naroadjointevirtuelle.com\\\/\"},{\"@type\":\"ListItem\",\"position\":2,\"name\":\"Comptabilit\u00e9\"}]},{\"@type\":\"WebSite\",\"@id\":\"https:\\\/\\\/naroadjointevirtuelle.com\\\/#website\",\"url\":\"https:\\\/\\\/naroadjointevirtuelle.com\\\/\",\"name\":\"\",\"description\":\"\",\"publisher\":{\"@id\":\"https:\\\/\\\/naroadjointevirtuelle.com\\\/#organization\"},\"potentialAction\":[{\"@type\":\"SearchAction\",\"target\":{\"@type\":\"EntryPoint\",\"urlTemplate\":\"https:\\\/\\\/naroadjointevirtuelle.com\\\/?s={search_term_string}\"},\"query-input\":{\"@type\":\"PropertyValueSpecification\",\"valueRequired\":true,\"valueName\":\"search_term_string\"}}],\"inLanguage\":\"fr-FR\"},{\"@type\":\"Organization\",\"@id\":\"https:\\\/\\\/naroadjointevirtuelle.com\\\/#organization\",\"name\":\"Naro Adjointe Virtuelle\",\"url\":\"https:\\\/\\\/naroadjointevirtuelle.com\\\/\",\"logo\":{\"@type\":\"ImageObject\",\"inLanguage\":\"fr-FR\",\"@id\":\"https:\\\/\\\/naroadjointevirtuelle.com\\\/#\\\/schema\\\/logo\\\/image\\\/\",\"url\":\"https:\\\/\\\/naroadjointevirtuelle.com\\\/wp-content\\\/uploads\\\/2022\\\/04\\\/Logo_NARO-modifie-1-e1650312010949.png\",\"contentUrl\":\"https:\\\/\\\/naroadjointevirtuelle.com\\\/wp-content\\\/uploads\\\/2022\\\/04\\\/Logo_NARO-modifie-1-e1650312010949.png\",\"width\":218,\"height\":75,\"caption\":\"Naro Adjointe Virtuelle\"},\"image\":{\"@id\":\"https:\\\/\\\/naroadjointevirtuelle.com\\\/#\\\/schema\\\/logo\\\/image\\\/\"}}]}<\/script>\n<!-- \/ Yoast SEO plugin. -->","yoast_head_json":{"title":"Comptabilit\u00e9 -","description":"Le temps, c\u2019est de l\u2019argent\u2009! En tant qu\u2019adjointe virtuelle, c\u2019est ce que je vous offre en effectuant les t\u00e2ches qui prennent trop de votre temps. Je facilite votre vie en prenant en charge le travail d\u2019une adjointe administrative ou d\u2019une technicienne comptable pour vous lib\u00e9rer.","robots":{"index":"index","follow":"follow","max-snippet":"max-snippet:-1","max-image-preview":"max-image-preview:large","max-video-preview":"max-video-preview:-1"},"canonical":"https:\/\/naroadjointevirtuelle.com\/?page_id=464","og_locale":"fr_FR","og_type":"article","og_title":"Comptabilit\u00e9 -","og_description":"Le temps, c\u2019est de l\u2019argent\u2009! En tant qu\u2019adjointe virtuelle, c\u2019est ce que je vous offre en effectuant les t\u00e2ches qui prennent trop de votre temps. Je facilite votre vie en prenant en charge le travail d\u2019une adjointe administrative ou d\u2019une technicienne comptable pour vous lib\u00e9rer.","og_url":"https:\/\/naroadjointevirtuelle.com\/?page_id=464","article_modified_time":"2022-02-05T03:21:57+00:00","twitter_card":"summary_large_image","twitter_misc":{"Dur\u00e9e de lecture estim\u00e9e":"2 minutes"},"schema":{"@context":"https:\/\/schema.org","@graph":[{"@type":"WebPage","@id":"https:\/\/naroadjointevirtuelle.com\/?page_id=464","url":"https:\/\/naroadjointevirtuelle.com\/?page_id=464","name":"Comptabilit\u00e9 -","isPartOf":{"@id":"https:\/\/naroadjointevirtuelle.com\/#website"},"datePublished":"2021-08-13T23:52:10+00:00","dateModified":"2022-02-05T03:21:57+00:00","description":"Le temps, c\u2019est de l\u2019argent\u2009! En tant qu\u2019adjointe virtuelle, c\u2019est ce que je vous offre en effectuant les t\u00e2ches qui prennent trop de votre temps. Je facilite votre vie en prenant en charge le travail d\u2019une adjointe administrative ou d\u2019une technicienne comptable pour vous lib\u00e9rer.","breadcrumb":{"@id":"https:\/\/naroadjointevirtuelle.com\/?page_id=464#breadcrumb"},"inLanguage":"fr-FR","potentialAction":[{"@type":"ReadAction","target":["https:\/\/naroadjointevirtuelle.com\/?page_id=464"]}]},{"@type":"BreadcrumbList","@id":"https:\/\/naroadjointevirtuelle.com\/?page_id=464#breadcrumb","itemListElement":[{"@type":"ListItem","position":1,"name":"Accueil","item":"https:\/\/naroadjointevirtuelle.com\/"},{"@type":"ListItem","position":2,"name":"Comptabilit\u00e9"}]},{"@type":"WebSite","@id":"https:\/\/naroadjointevirtuelle.com\/#website","url":"https:\/\/naroadjointevirtuelle.com\/","name":"","description":"","publisher":{"@id":"https:\/\/naroadjointevirtuelle.com\/#organization"},"potentialAction":[{"@type":"SearchAction","target":{"@type":"EntryPoint","urlTemplate":"https:\/\/naroadjointevirtuelle.com\/?s={search_term_string}"},"query-input":{"@type":"PropertyValueSpecification","valueRequired":true,"valueName":"search_term_string"}}],"inLanguage":"fr-FR"},{"@type":"Organization","@id":"https:\/\/naroadjointevirtuelle.com\/#organization","name":"Naro Adjointe Virtuelle","url":"https:\/\/naroadjointevirtuelle.com\/","logo":{"@type":"ImageObject","inLanguage":"fr-FR","@id":"https:\/\/naroadjointevirtuelle.com\/#\/schema\/logo\/image\/","url":"https:\/\/naroadjointevirtuelle.com\/wp-content\/uploads\/2022\/04\/Logo_NARO-modifie-1-e1650312010949.png","contentUrl":"https:\/\/naroadjointevirtuelle.com\/wp-content\/uploads\/2022\/04\/Logo_NARO-modifie-1-e1650312010949.png","width":218,"height":75,"caption":"Naro Adjointe Virtuelle"},"image":{"@id":"https:\/\/naroadjointevirtuelle.com\/#\/schema\/logo\/image\/"}}]}},"_links":{"self":[{"href":"https:\/\/naroadjointevirtuelle.com\/index.php?rest_route=\/wp\/v2\/pages\/464","targetHints":{"allow":["GET"]}}],"collection":[{"href":"https:\/\/naroadjointevirtuelle.com\/index.php?rest_route=\/wp\/v2\/pages"}],"about":[{"href":"https:\/\/naroadjointevirtuelle.com\/index.php?rest_route=\/wp\/v2\/types\/page"}],"author":[{"embeddable":true,"href":"https:\/\/naroadjointevirtuelle.com\/index.php?rest_route=\/wp\/v2\/users\/1"}],"replies":[{"embeddable":true,"href":"https:\/\/naroadjointevirtuelle.com\/index.php?rest_route=%2Fwp%2Fv2%2Fcomments&post=464"}],"version-history":[{"count":11,"href":"https:\/\/naroadjointevirtuelle.com\/index.php?rest_route=\/wp\/v2\/pages\/464\/revisions"}],"predecessor-version":[{"id":823,"href":"https:\/\/naroadjointevirtuelle.com\/index.php?rest_route=\/wp\/v2\/pages\/464\/revisions\/823"}],"wp:attachment":[{"href":"https:\/\/naroadjointevirtuelle.com\/index.php?rest_route=%2Fwp%2Fv2%2Fmedia&parent=464"}],"curies":[{"name":"wp","href":"https:\/\/api.w.org\/{rel}","templated":true}]}}