{"id":458,"date":"2021-08-13T18:51:02","date_gmt":"2021-08-13T23:51:02","guid":{"rendered":"https:\/\/adjointevirtuellenr.com\/?page_id=458"},"modified":"2022-04-18T16:22:52","modified_gmt":"2022-04-18T21:22:52","slug":"mise-en-page-creation-document","status":"publish","type":"page","link":"https:\/\/naroadjointevirtuelle.com\/?page_id=458","title":{"rendered":"Mise en page et cr\u00e9ation de document"},"content":{"rendered":"\n<ul class=\"wp-block-list\"><li>Mise en page et cr\u00e9ation de documents<\/li><li>Entr\u00e9e de donn\u00e9es<\/li><li>Documents, Excel, Word, PowerPoint, Canva et beaucoup plus<\/li><li>Lettre\/courriel<\/li><li>Note de service<\/li><li>Communiqu\u00e9<\/li><li>Infolettre<\/li><li>Contrat<\/li><li>Offre de service<\/li><li>Rapport<\/li><li>Mise en page ou cr\u00e9ation des pr\u00e9sentations pour vos r\u00e9unions<\/li><li>Ordre du jour<\/li><li>Compte rendu (notes de r\u00e9union) CA ou autre<\/li><li>Documentation des proc\u00e9dures administratives<\/li><li>Standardisation du visuel de vos documents<\/li><li>Formulaires divers<\/li><li>Bases de donn\u00e9es<\/li><li>Liste\u2009; cr\u00e9ation ou mise \u00e0 jour de celles en place<\/li><li>Formation et cr\u00e9ation de guides pour tous vos logiciels (pour l\u2019autonomie des employ\u00e9s)<\/li><li>Calendrier<\/li><li>Brochure<\/li><li>Affiche<\/li><li>Carte d\u2019affaires<\/li><\/ul>\n","protected":false},"excerpt":{"rendered":"<p>Mise en page et cr\u00e9ation de documents Entr\u00e9e de donn\u00e9es Documents, Excel, Word, PowerPoint, Canva et beaucoup plus Lettre\/courriel Note de service Communiqu\u00e9 Infolettre Contrat Offre de service Rapport Mise en page ou cr\u00e9ation des pr\u00e9sentations pour vos r\u00e9unions Ordre du jour Compte rendu (notes de r\u00e9union) CA ou autre Documentation des proc\u00e9dures administratives Standardisation [&hellip;]<\/p>\n","protected":false},"author":1,"featured_media":0,"parent":0,"menu_order":0,"comment_status":"closed","ping_status":"closed","template":"","meta":{"_editorskit_title_hidden":false,"_editorskit_reading_time":1,"_editorskit_is_block_options_detached":false,"_editorskit_block_options_position":"{}","gt_page_layout":"","gt_hide_page_title":false,"gt_remove_bottom_margin":false,"footnotes":""},"class_list":["post-458","page","type-page","status-publish","hentry"],"yoast_head":"<!-- This site is optimized with the Yoast SEO plugin v27.4 - https:\/\/yoast.com\/product\/yoast-seo-wordpress\/ -->\n<title>Mise en page et cr\u00e9ation de document -<\/title>\n<meta name=\"description\" content=\"Le temps, c\u2019est de l\u2019argent\u2009! En tant qu\u2019adjointe virtuelle, c\u2019est ce que je vous offre en effectuant les t\u00e2ches qui prennent trop de votre temps. Je facilite votre vie en prenant en charge le travail d\u2019une adjointe administrative ou d\u2019une technicienne comptable pour vous lib\u00e9rer.\" \/>\n<meta name=\"robots\" content=\"index, follow, max-snippet:-1, max-image-preview:large, max-video-preview:-1\" \/>\n<link rel=\"canonical\" href=\"https:\/\/naroadjointevirtuelle.com\/?page_id=458\" \/>\n<meta property=\"og:locale\" content=\"fr_FR\" \/>\n<meta property=\"og:type\" content=\"article\" \/>\n<meta property=\"og:title\" content=\"Mise en page et cr\u00e9ation de document -\" \/>\n<meta property=\"og:description\" content=\"Le temps, c\u2019est de l\u2019argent\u2009! En tant qu\u2019adjointe virtuelle, c\u2019est ce que je vous offre en effectuant les t\u00e2ches qui prennent trop de votre temps. Je facilite votre vie en prenant en charge le travail d\u2019une adjointe administrative ou d\u2019une technicienne comptable pour vous lib\u00e9rer.\" \/>\n<meta property=\"og:url\" content=\"https:\/\/naroadjointevirtuelle.com\/?page_id=458\" \/>\n<meta property=\"article:modified_time\" content=\"2022-04-18T21:22:52+00:00\" \/>\n<meta name=\"twitter:card\" content=\"summary_large_image\" \/>\n<meta name=\"twitter:label1\" content=\"Dur\u00e9e de lecture estim\u00e9e\" \/>\n\t<meta name=\"twitter:data1\" content=\"1 minute\" \/>\n<script type=\"application\/ld+json\" class=\"yoast-schema-graph\">{\"@context\":\"https:\\\/\\\/schema.org\",\"@graph\":[{\"@type\":\"WebPage\",\"@id\":\"https:\\\/\\\/naroadjointevirtuelle.com\\\/?page_id=458\",\"url\":\"https:\\\/\\\/naroadjointevirtuelle.com\\\/?page_id=458\",\"name\":\"Mise en page et cr\u00e9ation de document -\",\"isPartOf\":{\"@id\":\"https:\\\/\\\/naroadjointevirtuelle.com\\\/#website\"},\"datePublished\":\"2021-08-13T23:51:02+00:00\",\"dateModified\":\"2022-04-18T21:22:52+00:00\",\"description\":\"Le temps, c\u2019est de l\u2019argent\u2009! En tant qu\u2019adjointe virtuelle, c\u2019est ce que je vous offre en effectuant les t\u00e2ches qui prennent trop de votre temps. Je facilite votre vie en prenant en charge le travail d\u2019une adjointe administrative ou d\u2019une technicienne comptable pour vous lib\u00e9rer.\",\"breadcrumb\":{\"@id\":\"https:\\\/\\\/naroadjointevirtuelle.com\\\/?page_id=458#breadcrumb\"},\"inLanguage\":\"fr-FR\",\"potentialAction\":[{\"@type\":\"ReadAction\",\"target\":[\"https:\\\/\\\/naroadjointevirtuelle.com\\\/?page_id=458\"]}]},{\"@type\":\"BreadcrumbList\",\"@id\":\"https:\\\/\\\/naroadjointevirtuelle.com\\\/?page_id=458#breadcrumb\",\"itemListElement\":[{\"@type\":\"ListItem\",\"position\":1,\"name\":\"Accueil\",\"item\":\"https:\\\/\\\/naroadjointevirtuelle.com\\\/\"},{\"@type\":\"ListItem\",\"position\":2,\"name\":\"Mise en page et cr\u00e9ation de document\"}]},{\"@type\":\"WebSite\",\"@id\":\"https:\\\/\\\/naroadjointevirtuelle.com\\\/#website\",\"url\":\"https:\\\/\\\/naroadjointevirtuelle.com\\\/\",\"name\":\"\",\"description\":\"\",\"publisher\":{\"@id\":\"https:\\\/\\\/naroadjointevirtuelle.com\\\/#organization\"},\"potentialAction\":[{\"@type\":\"SearchAction\",\"target\":{\"@type\":\"EntryPoint\",\"urlTemplate\":\"https:\\\/\\\/naroadjointevirtuelle.com\\\/?s={search_term_string}\"},\"query-input\":{\"@type\":\"PropertyValueSpecification\",\"valueRequired\":true,\"valueName\":\"search_term_string\"}}],\"inLanguage\":\"fr-FR\"},{\"@type\":\"Organization\",\"@id\":\"https:\\\/\\\/naroadjointevirtuelle.com\\\/#organization\",\"name\":\"Naro Adjointe Virtuelle\",\"url\":\"https:\\\/\\\/naroadjointevirtuelle.com\\\/\",\"logo\":{\"@type\":\"ImageObject\",\"inLanguage\":\"fr-FR\",\"@id\":\"https:\\\/\\\/naroadjointevirtuelle.com\\\/#\\\/schema\\\/logo\\\/image\\\/\",\"url\":\"https:\\\/\\\/naroadjointevirtuelle.com\\\/wp-content\\\/uploads\\\/2022\\\/04\\\/Logo_NARO-modifie-1-e1650312010949.png\",\"contentUrl\":\"https:\\\/\\\/naroadjointevirtuelle.com\\\/wp-content\\\/uploads\\\/2022\\\/04\\\/Logo_NARO-modifie-1-e1650312010949.png\",\"width\":218,\"height\":75,\"caption\":\"Naro Adjointe Virtuelle\"},\"image\":{\"@id\":\"https:\\\/\\\/naroadjointevirtuelle.com\\\/#\\\/schema\\\/logo\\\/image\\\/\"}}]}<\/script>\n<!-- \/ Yoast SEO plugin. -->","yoast_head_json":{"title":"Mise en page et cr\u00e9ation de document -","description":"Le temps, c\u2019est de l\u2019argent\u2009! En tant qu\u2019adjointe virtuelle, c\u2019est ce que je vous offre en effectuant les t\u00e2ches qui prennent trop de votre temps. Je facilite votre vie en prenant en charge le travail d\u2019une adjointe administrative ou d\u2019une technicienne comptable pour vous lib\u00e9rer.","robots":{"index":"index","follow":"follow","max-snippet":"max-snippet:-1","max-image-preview":"max-image-preview:large","max-video-preview":"max-video-preview:-1"},"canonical":"https:\/\/naroadjointevirtuelle.com\/?page_id=458","og_locale":"fr_FR","og_type":"article","og_title":"Mise en page et cr\u00e9ation de document -","og_description":"Le temps, c\u2019est de l\u2019argent\u2009! En tant qu\u2019adjointe virtuelle, c\u2019est ce que je vous offre en effectuant les t\u00e2ches qui prennent trop de votre temps. Je facilite votre vie en prenant en charge le travail d\u2019une adjointe administrative ou d\u2019une technicienne comptable pour vous lib\u00e9rer.","og_url":"https:\/\/naroadjointevirtuelle.com\/?page_id=458","article_modified_time":"2022-04-18T21:22:52+00:00","twitter_card":"summary_large_image","twitter_misc":{"Dur\u00e9e de lecture estim\u00e9e":"1 minute"},"schema":{"@context":"https:\/\/schema.org","@graph":[{"@type":"WebPage","@id":"https:\/\/naroadjointevirtuelle.com\/?page_id=458","url":"https:\/\/naroadjointevirtuelle.com\/?page_id=458","name":"Mise en page et cr\u00e9ation de document -","isPartOf":{"@id":"https:\/\/naroadjointevirtuelle.com\/#website"},"datePublished":"2021-08-13T23:51:02+00:00","dateModified":"2022-04-18T21:22:52+00:00","description":"Le temps, c\u2019est de l\u2019argent\u2009! En tant qu\u2019adjointe virtuelle, c\u2019est ce que je vous offre en effectuant les t\u00e2ches qui prennent trop de votre temps. Je facilite votre vie en prenant en charge le travail d\u2019une adjointe administrative ou d\u2019une technicienne comptable pour vous lib\u00e9rer.","breadcrumb":{"@id":"https:\/\/naroadjointevirtuelle.com\/?page_id=458#breadcrumb"},"inLanguage":"fr-FR","potentialAction":[{"@type":"ReadAction","target":["https:\/\/naroadjointevirtuelle.com\/?page_id=458"]}]},{"@type":"BreadcrumbList","@id":"https:\/\/naroadjointevirtuelle.com\/?page_id=458#breadcrumb","itemListElement":[{"@type":"ListItem","position":1,"name":"Accueil","item":"https:\/\/naroadjointevirtuelle.com\/"},{"@type":"ListItem","position":2,"name":"Mise en page et cr\u00e9ation de document"}]},{"@type":"WebSite","@id":"https:\/\/naroadjointevirtuelle.com\/#website","url":"https:\/\/naroadjointevirtuelle.com\/","name":"","description":"","publisher":{"@id":"https:\/\/naroadjointevirtuelle.com\/#organization"},"potentialAction":[{"@type":"SearchAction","target":{"@type":"EntryPoint","urlTemplate":"https:\/\/naroadjointevirtuelle.com\/?s={search_term_string}"},"query-input":{"@type":"PropertyValueSpecification","valueRequired":true,"valueName":"search_term_string"}}],"inLanguage":"fr-FR"},{"@type":"Organization","@id":"https:\/\/naroadjointevirtuelle.com\/#organization","name":"Naro Adjointe Virtuelle","url":"https:\/\/naroadjointevirtuelle.com\/","logo":{"@type":"ImageObject","inLanguage":"fr-FR","@id":"https:\/\/naroadjointevirtuelle.com\/#\/schema\/logo\/image\/","url":"https:\/\/naroadjointevirtuelle.com\/wp-content\/uploads\/2022\/04\/Logo_NARO-modifie-1-e1650312010949.png","contentUrl":"https:\/\/naroadjointevirtuelle.com\/wp-content\/uploads\/2022\/04\/Logo_NARO-modifie-1-e1650312010949.png","width":218,"height":75,"caption":"Naro Adjointe Virtuelle"},"image":{"@id":"https:\/\/naroadjointevirtuelle.com\/#\/schema\/logo\/image\/"}}]}},"_links":{"self":[{"href":"https:\/\/naroadjointevirtuelle.com\/index.php?rest_route=\/wp\/v2\/pages\/458","targetHints":{"allow":["GET"]}}],"collection":[{"href":"https:\/\/naroadjointevirtuelle.com\/index.php?rest_route=\/wp\/v2\/pages"}],"about":[{"href":"https:\/\/naroadjointevirtuelle.com\/index.php?rest_route=\/wp\/v2\/types\/page"}],"author":[{"embeddable":true,"href":"https:\/\/naroadjointevirtuelle.com\/index.php?rest_route=\/wp\/v2\/users\/1"}],"replies":[{"embeddable":true,"href":"https:\/\/naroadjointevirtuelle.com\/index.php?rest_route=%2Fwp%2Fv2%2Fcomments&post=458"}],"version-history":[{"count":8,"href":"https:\/\/naroadjointevirtuelle.com\/index.php?rest_route=\/wp\/v2\/pages\/458\/revisions"}],"predecessor-version":[{"id":859,"href":"https:\/\/naroadjointevirtuelle.com\/index.php?rest_route=\/wp\/v2\/pages\/458\/revisions\/859"}],"wp:attachment":[{"href":"https:\/\/naroadjointevirtuelle.com\/index.php?rest_route=%2Fwp%2Fv2%2Fmedia&parent=458"}],"curies":[{"name":"wp","href":"https:\/\/api.w.org\/{rel}","templated":true}]}}