{"id":451,"date":"2021-08-13T18:50:07","date_gmt":"2021-08-13T23:50:07","guid":{"rendered":"https:\/\/adjointevirtuellenr.com\/?page_id=451"},"modified":"2022-02-04T22:25:04","modified_gmt":"2022-02-05T03:25:04","slug":"soutien-administratif","status":"publish","type":"page","link":"https:\/\/naroadjointevirtuelle.com\/?page_id=451","title":{"rendered":"\u00c0 propos"},"content":{"rendered":"\n<div style=\"height:1px\" aria-hidden=\"true\" class=\"wp-block-spacer\"><\/div>\n\n\n\n<p class=\"has-text-align-justify\"><strong>Je suis passionn\u00e9e par le soutien administratif<\/strong>. Depuis mon premier jour de travail dans ce milieu, j&rsquo;ai compris que j&rsquo;\u00e9tais sur mon X. J\u2019ai acquis, au fil des ann\u00e9es, <strong>diff\u00e9rentes connaissances<\/strong> avec diff\u00e9rents logiciels. J\u2019ai travaill\u00e9 dans <strong>diff\u00e9rents milieux<\/strong> tels&nbsp;: une entreprise de conception de base de donn\u00e9es, une firme comptable, un bureau de ventes d\u2019assurances, une entreprise de ventes\/importation et les onze derni\u00e8res ann\u00e9es pour un OBNL et une firme en ressources humaines. Aussi, j\u2019ai travaill\u00e9 pour une entreprise de ventes en ligne.<\/p>\n\n\n\n<p class=\"has-text-align-justify\">Gr\u00e2ce \u00e0 mon parcours professionnel,<strong> je poss\u00e8de une solide expertise <\/strong>dans plusieurs sp\u00e9cialit\u00e9s et un large \u00e9ventail de comp\u00e9tences. Autant \u00e0 l\u2019aise par des t\u00e2ches de secr\u00e9tariat que de comptabilit\u00e9, <strong>je suis \u00e0 m\u00eame de faire le cycle comptable complet <\/strong>.<\/p>\n\n\n\n<p class=\"has-text-align-justify\">Mon principal objectif est de vous donner <strong>le meilleur rendement possible<\/strong>. Je connais une panoplie d\u2019outils informatiques et je suis toujours \u00e0 la recherche de la meilleure application ou du meilleur programme. Sans compter que je suis pr\u00eate \u00e0 apprendre si un de vos outils m\u2019est inconnu, je garantis que je peux me former tr\u00e8s rapidement.<\/p>\n\n\n\n<p class=\"has-text-align-justify\">Comme adjointe virtuelle, <strong>ma mission est de vous rendre la vie plus facile<\/strong> en vous assistant dans vos t\u00e2ches quotidiennes par un travail de qualit\u00e9 tout en restant un peu dans l\u2019ombre.<\/p>\n\n\n\n<p class=\"has-text-align-justify\">Mon m\u00e9tier d\u2019adjointe m\u2019a fait d\u00e9couvrir de nouvelles fa\u00e7ons de faire dans diff\u00e9rents domaines. J\u2019aime me perfectionner et ainsi <strong>apporter des solutions efficaces<\/strong> \u00e0 mes clients.<\/p>\n\n\n\n<p class=\"has-text-align-justify\"><strong>Je suis votre partenaire\u2009!<\/strong> Fiable, vous pouvez compter sur moi. Je vous rendrai des comptes sur une base r\u00e9guli\u00e8re et je r\u00e9pondrai rapidement \u00e0 vos demandes. Je poss\u00e8de une grande capacit\u00e9 \u00e0 m\u2019adapter aux changements et \u00e0 travailler de fa\u00e7on autonome.<\/p>\n\n\n\n<p class=\"has-text-align-justify\"><strong>Je suis organis\u00e9e\u2009!<\/strong> Je suis performante, car je suis structur\u00e9e. Par le fait m\u00eame, je suis ainsi en mesure de g\u00e9rer plusieurs dossiers en parall\u00e8le tout en satisfaisant vos attentes.<\/p>\n\n\n\n<p class=\"has-text-align-justify\"><strong>Je suis d\u00e9brouillarde\u2009<\/strong>! Le syst\u00e8me D fait partie de mon quotidien. Je sais faire preuve de d\u00e9brouillardise et d\u2019initiative en effectuant des recherches pour trouver une r\u00e9ponse par moi-m\u00eame afin de ne pas vous d\u00e9ranger inutilement.<\/p>\n\n\n\n<p class=\"has-text-align-justify\"><strong>Je suis consciencieuse<\/strong>\u2009<strong>!<\/strong> Je r\u00e9vise, relis avant de vous remettre un travail. Dans cet esprit, je me pose toujours la question\u2009; <strong>\u00ab qu\u2019est-ce que je pourrais apporter de plus? \u00bb<\/strong><\/p>\n","protected":false},"excerpt":{"rendered":"<p>Je suis passionn\u00e9e par le soutien administratif. Depuis mon premier jour de travail dans ce milieu, j&rsquo;ai compris que j&rsquo;\u00e9tais sur mon X. J\u2019ai acquis, au fil des ann\u00e9es, diff\u00e9rentes connaissances avec diff\u00e9rents logiciels. J\u2019ai travaill\u00e9 dans diff\u00e9rents milieux tels&nbsp;: une entreprise de conception de base de donn\u00e9es, une firme comptable, un bureau de ventes [&hellip;]<\/p>\n","protected":false},"author":1,"featured_media":0,"parent":0,"menu_order":0,"comment_status":"closed","ping_status":"closed","template":"","meta":{"_editorskit_title_hidden":false,"_editorskit_reading_time":1,"_editorskit_is_block_options_detached":false,"_editorskit_block_options_position":"{}","gt_page_layout":"","gt_hide_page_title":false,"gt_remove_bottom_margin":false,"footnotes":""},"class_list":["post-451","page","type-page","status-publish","hentry"],"yoast_head":"<!-- This site is optimized with the Yoast SEO plugin v27.4 - https:\/\/yoast.com\/product\/yoast-seo-wordpress\/ -->\n<title>\u00c0 propos<\/title>\n<meta name=\"description\" content=\"Le temps, c\u2019est de l\u2019argent\u2009! En tant qu\u2019adjointe virtuelle, c\u2019est ce que je vous offre en effectuant les t\u00e2ches qui prennent trop de votre temps. Je facilite votre vie en prenant en charge le travail d\u2019une adjointe administrative ou d\u2019une technicienne comptable pour vous lib\u00e9rer. %\" \/>\n<meta name=\"robots\" content=\"index, follow, max-snippet:-1, max-image-preview:large, max-video-preview:-1\" \/>\n<link rel=\"canonical\" href=\"https:\/\/naroadjointevirtuelle.com\/?page_id=451\" \/>\n<meta property=\"og:locale\" content=\"fr_FR\" \/>\n<meta property=\"og:type\" content=\"article\" \/>\n<meta property=\"og:title\" content=\"\u00c0 propos\" \/>\n<meta property=\"og:description\" content=\"Le temps, c\u2019est de l\u2019argent\u2009! En tant qu\u2019adjointe virtuelle, c\u2019est ce que je vous offre en effectuant les t\u00e2ches qui prennent trop de votre temps. Je facilite votre vie en prenant en charge le travail d\u2019une adjointe administrative ou d\u2019une technicienne comptable pour vous lib\u00e9rer. %\" \/>\n<meta property=\"og:url\" content=\"https:\/\/naroadjointevirtuelle.com\/?page_id=451\" \/>\n<meta property=\"article:modified_time\" content=\"2022-02-05T03:25:04+00:00\" \/>\n<meta name=\"twitter:card\" content=\"summary_large_image\" \/>\n<meta name=\"twitter:label1\" content=\"Dur\u00e9e de lecture estim\u00e9e\" \/>\n\t<meta name=\"twitter:data1\" content=\"2 minutes\" \/>\n<script type=\"application\/ld+json\" class=\"yoast-schema-graph\">{\"@context\":\"https:\\\/\\\/schema.org\",\"@graph\":[{\"@type\":\"WebPage\",\"@id\":\"https:\\\/\\\/naroadjointevirtuelle.com\\\/?page_id=451\",\"url\":\"https:\\\/\\\/naroadjointevirtuelle.com\\\/?page_id=451\",\"name\":\"\u00c0 propos\",\"isPartOf\":{\"@id\":\"https:\\\/\\\/naroadjointevirtuelle.com\\\/#website\"},\"datePublished\":\"2021-08-13T23:50:07+00:00\",\"dateModified\":\"2022-02-05T03:25:04+00:00\",\"description\":\"Le temps, c\u2019est de l\u2019argent\u2009! En tant qu\u2019adjointe virtuelle, c\u2019est ce que je vous offre en effectuant les t\u00e2ches qui prennent trop de votre temps. Je facilite votre vie en prenant en charge le travail d\u2019une adjointe administrative ou d\u2019une technicienne comptable pour vous lib\u00e9rer. %\",\"breadcrumb\":{\"@id\":\"https:\\\/\\\/naroadjointevirtuelle.com\\\/?page_id=451#breadcrumb\"},\"inLanguage\":\"fr-FR\",\"potentialAction\":[{\"@type\":\"ReadAction\",\"target\":[\"https:\\\/\\\/naroadjointevirtuelle.com\\\/?page_id=451\"]}]},{\"@type\":\"BreadcrumbList\",\"@id\":\"https:\\\/\\\/naroadjointevirtuelle.com\\\/?page_id=451#breadcrumb\",\"itemListElement\":[{\"@type\":\"ListItem\",\"position\":1,\"name\":\"Accueil\",\"item\":\"https:\\\/\\\/naroadjointevirtuelle.com\\\/\"},{\"@type\":\"ListItem\",\"position\":2,\"name\":\"\u00c0 propos\"}]},{\"@type\":\"WebSite\",\"@id\":\"https:\\\/\\\/naroadjointevirtuelle.com\\\/#website\",\"url\":\"https:\\\/\\\/naroadjointevirtuelle.com\\\/\",\"name\":\"\",\"description\":\"\",\"publisher\":{\"@id\":\"https:\\\/\\\/naroadjointevirtuelle.com\\\/#organization\"},\"potentialAction\":[{\"@type\":\"SearchAction\",\"target\":{\"@type\":\"EntryPoint\",\"urlTemplate\":\"https:\\\/\\\/naroadjointevirtuelle.com\\\/?s={search_term_string}\"},\"query-input\":{\"@type\":\"PropertyValueSpecification\",\"valueRequired\":true,\"valueName\":\"search_term_string\"}}],\"inLanguage\":\"fr-FR\"},{\"@type\":\"Organization\",\"@id\":\"https:\\\/\\\/naroadjointevirtuelle.com\\\/#organization\",\"name\":\"Naro Adjointe Virtuelle\",\"url\":\"https:\\\/\\\/naroadjointevirtuelle.com\\\/\",\"logo\":{\"@type\":\"ImageObject\",\"inLanguage\":\"fr-FR\",\"@id\":\"https:\\\/\\\/naroadjointevirtuelle.com\\\/#\\\/schema\\\/logo\\\/image\\\/\",\"url\":\"https:\\\/\\\/naroadjointevirtuelle.com\\\/wp-content\\\/uploads\\\/2022\\\/04\\\/Logo_NARO-modifie-1-e1650312010949.png\",\"contentUrl\":\"https:\\\/\\\/naroadjointevirtuelle.com\\\/wp-content\\\/uploads\\\/2022\\\/04\\\/Logo_NARO-modifie-1-e1650312010949.png\",\"width\":218,\"height\":75,\"caption\":\"Naro Adjointe Virtuelle\"},\"image\":{\"@id\":\"https:\\\/\\\/naroadjointevirtuelle.com\\\/#\\\/schema\\\/logo\\\/image\\\/\"}}]}<\/script>\n<!-- \/ Yoast SEO plugin. -->","yoast_head_json":{"title":"\u00c0 propos","description":"Le temps, c\u2019est de l\u2019argent\u2009! En tant qu\u2019adjointe virtuelle, c\u2019est ce que je vous offre en effectuant les t\u00e2ches qui prennent trop de votre temps. Je facilite votre vie en prenant en charge le travail d\u2019une adjointe administrative ou d\u2019une technicienne comptable pour vous lib\u00e9rer. %","robots":{"index":"index","follow":"follow","max-snippet":"max-snippet:-1","max-image-preview":"max-image-preview:large","max-video-preview":"max-video-preview:-1"},"canonical":"https:\/\/naroadjointevirtuelle.com\/?page_id=451","og_locale":"fr_FR","og_type":"article","og_title":"\u00c0 propos","og_description":"Le temps, c\u2019est de l\u2019argent\u2009! En tant qu\u2019adjointe virtuelle, c\u2019est ce que je vous offre en effectuant les t\u00e2ches qui prennent trop de votre temps. Je facilite votre vie en prenant en charge le travail d\u2019une adjointe administrative ou d\u2019une technicienne comptable pour vous lib\u00e9rer. %","og_url":"https:\/\/naroadjointevirtuelle.com\/?page_id=451","article_modified_time":"2022-02-05T03:25:04+00:00","twitter_card":"summary_large_image","twitter_misc":{"Dur\u00e9e de lecture estim\u00e9e":"2 minutes"},"schema":{"@context":"https:\/\/schema.org","@graph":[{"@type":"WebPage","@id":"https:\/\/naroadjointevirtuelle.com\/?page_id=451","url":"https:\/\/naroadjointevirtuelle.com\/?page_id=451","name":"\u00c0 propos","isPartOf":{"@id":"https:\/\/naroadjointevirtuelle.com\/#website"},"datePublished":"2021-08-13T23:50:07+00:00","dateModified":"2022-02-05T03:25:04+00:00","description":"Le temps, c\u2019est de l\u2019argent\u2009! En tant qu\u2019adjointe virtuelle, c\u2019est ce que je vous offre en effectuant les t\u00e2ches qui prennent trop de votre temps. Je facilite votre vie en prenant en charge le travail d\u2019une adjointe administrative ou d\u2019une technicienne comptable pour vous lib\u00e9rer. %","breadcrumb":{"@id":"https:\/\/naroadjointevirtuelle.com\/?page_id=451#breadcrumb"},"inLanguage":"fr-FR","potentialAction":[{"@type":"ReadAction","target":["https:\/\/naroadjointevirtuelle.com\/?page_id=451"]}]},{"@type":"BreadcrumbList","@id":"https:\/\/naroadjointevirtuelle.com\/?page_id=451#breadcrumb","itemListElement":[{"@type":"ListItem","position":1,"name":"Accueil","item":"https:\/\/naroadjointevirtuelle.com\/"},{"@type":"ListItem","position":2,"name":"\u00c0 propos"}]},{"@type":"WebSite","@id":"https:\/\/naroadjointevirtuelle.com\/#website","url":"https:\/\/naroadjointevirtuelle.com\/","name":"","description":"","publisher":{"@id":"https:\/\/naroadjointevirtuelle.com\/#organization"},"potentialAction":[{"@type":"SearchAction","target":{"@type":"EntryPoint","urlTemplate":"https:\/\/naroadjointevirtuelle.com\/?s={search_term_string}"},"query-input":{"@type":"PropertyValueSpecification","valueRequired":true,"valueName":"search_term_string"}}],"inLanguage":"fr-FR"},{"@type":"Organization","@id":"https:\/\/naroadjointevirtuelle.com\/#organization","name":"Naro Adjointe Virtuelle","url":"https:\/\/naroadjointevirtuelle.com\/","logo":{"@type":"ImageObject","inLanguage":"fr-FR","@id":"https:\/\/naroadjointevirtuelle.com\/#\/schema\/logo\/image\/","url":"https:\/\/naroadjointevirtuelle.com\/wp-content\/uploads\/2022\/04\/Logo_NARO-modifie-1-e1650312010949.png","contentUrl":"https:\/\/naroadjointevirtuelle.com\/wp-content\/uploads\/2022\/04\/Logo_NARO-modifie-1-e1650312010949.png","width":218,"height":75,"caption":"Naro Adjointe Virtuelle"},"image":{"@id":"https:\/\/naroadjointevirtuelle.com\/#\/schema\/logo\/image\/"}}]}},"_links":{"self":[{"href":"https:\/\/naroadjointevirtuelle.com\/index.php?rest_route=\/wp\/v2\/pages\/451","targetHints":{"allow":["GET"]}}],"collection":[{"href":"https:\/\/naroadjointevirtuelle.com\/index.php?rest_route=\/wp\/v2\/pages"}],"about":[{"href":"https:\/\/naroadjointevirtuelle.com\/index.php?rest_route=\/wp\/v2\/types\/page"}],"author":[{"embeddable":true,"href":"https:\/\/naroadjointevirtuelle.com\/index.php?rest_route=\/wp\/v2\/users\/1"}],"replies":[{"embeddable":true,"href":"https:\/\/naroadjointevirtuelle.com\/index.php?rest_route=%2Fwp%2Fv2%2Fcomments&post=451"}],"version-history":[{"count":15,"href":"https:\/\/naroadjointevirtuelle.com\/index.php?rest_route=\/wp\/v2\/pages\/451\/revisions"}],"predecessor-version":[{"id":824,"href":"https:\/\/naroadjointevirtuelle.com\/index.php?rest_route=\/wp\/v2\/pages\/451\/revisions\/824"}],"wp:attachment":[{"href":"https:\/\/naroadjointevirtuelle.com\/index.php?rest_route=%2Fwp%2Fv2%2Fmedia&parent=451"}],"curies":[{"name":"wp","href":"https:\/\/api.w.org\/{rel}","templated":true}]}}